{"id":13356,"date":"2017-06-29T08:22:03","date_gmt":"2017-06-29T08:22:03","guid":{"rendered":"https:\/\/toutinservice.com\/service"},"modified":"2020-05-14T15:34:35","modified_gmt":"2020-05-14T15:34:35","slug":"service","status":"publish","type":"page","link":"https:\/\/toutinservice.com\/en\/service","title":{"rendered":"Service"},"content":{"rendered":"<div class=\"wpb-content-wrapper\"><p>[vc_row][vc_column][vc_cta h2=&#8221;&#8221; h4=&#8221;Service&#8221; txt_align=&#8221;center&#8221;][\/vc_cta][\/vc_column][\/vc_row][vc_row][vc_column width=&#8221;1\/2&#8243;][vc_column_text]<\/p>\n<h3 id=\"_h3\">Machines reconditionn\u00e9es<\/h3>\n<p id=\"jstf\">Notre personnel d\u00e9di\u00e9 et sp\u00e9cialis\u00e9 se tient \u00e0 votre disposition pour toute recherche ou \u00e9tude de reprise de vos machines en France ou \u00e0 l\u2019\u00e9tranger. Notre parc machine et nos partenaires internationaux nous permettent de trouver la machine que vous recherchez, vendue apr\u00e8s un reconditionnement total et une mise aux normes de s\u00e9curit\u00e9.<\/p>\n<p id=\"jstf\">La remise en \u00e9tat de vos machines \u00e9xige un d\u00e9montage complet, afin de pouvoir faire une estimation d\u00e9taill\u00e9e des travaux \u00e0 effectuer. Une garantie totale de 6 \u00e0 12 mois pi\u00e8ces et main d\u2019\u0153uvre vous est offerte.<\/p>\n<p>[\/vc_column_text][vc_column_text]<\/p>\n<h3 id=\"_h3\">Mise en conformit\u00e9<\/h3>\n<p id=\"jstf\">M\u00e9canique et \u00e9lectrique conform\u00e9ment aux directives CE.<br \/>\nNos machines reconditionn\u00e9es sont en conformit\u00e9 avec les contr\u00f4les des organismes de s\u00e9curit\u00e9 (APAVE, VERITAS, NORISKO, etc.)<\/p>\n<p>[\/vc_column_text][\/vc_column][vc_column width=&#8221;1\/2&#8243;][vc_column_text]<\/p>\n<h3 id=\"_h3\">Ventes de pi\u00e8ces d\u00e9tach\u00e9es<\/h3>\n<p id=\"jstf\">Vente de pi\u00e8ces constructeurs.<br \/>\nFabrication de pi\u00e8ces d\u00e9tach\u00e9es sur mesure<\/p>\n<p>[\/vc_column_text][vc_column_text]<\/p>\n<h3 id=\"_h3\">D\u00e9pannage\/Entretien<\/h3>\n<p id=\"jstf\">Nous assurons d\u00e9pannage et entretien de vos machines sur site ou en atelier. Toutin Service est \u00e9galement en mesure de vous proposer des contrats de v\u00e9rification p\u00e9riodique obligatoire (machine de d\u00e9coupe) et maintenance pr\u00e9ventive.<\/p>\n<p>[\/vc_column_text][vc_column_text]<\/p>\n<h3 id=\"_h3\">D\u00e9m\u00e9nagement<\/h3>\n<p id=\"jstf\">D\u00e9m\u00e9nagement et transfert de machines avec service de manutention et grutage.<\/p>\n<p>[\/vc_column_text][\/vc_column][\/vc_row][vc_row][vc_column][vc_empty_space height=&#8221;40px&#8221;][\/vc_column][\/vc_row][vc_row][vc_column][\/vc_column][\/vc_row]<\/p>\n<\/div>","protected":false},"excerpt":{"rendered":"<p>[vc_row][vc_column][vc_cta h2=&#8221;&#8221; h4=&#8221;Service&#8221; txt_align=&#8221;center&#8221;][\/vc_cta][\/vc_column][\/vc_row][vc_row][vc_column width=&#8221;1\/2&#8243;][vc_column_text] Machines reconditionn\u00e9es Notre personnel d\u00e9di\u00e9 et sp\u00e9cialis\u00e9 se tient \u00e0 votre disposition pour toute recherche ou \u00e9tude de reprise de vos machines en France ou \u00e0 l\u2019\u00e9tranger. Notre parc machine et nos partenaires internationaux nous permettent de trouver la machine que vous recherchez, vendue apr\u00e8s un reconditionnement total et une&hellip;<\/p>\n","protected":false},"author":5,"featured_media":0,"parent":0,"menu_order":0,"comment_status":"closed","ping_status":"closed","template":"","meta":{"footnotes":""},"class_list":["post-13356","page","type-page","status-publish","hentry"],"yoast_head":"<!-- This site is optimized with the Yoast SEO plugin v26.4 - https:\/\/yoast.com\/wordpress\/plugins\/seo\/ -->\n<title>Service - Toutin Service<\/title>\n<meta name=\"robots\" content=\"index, follow, max-snippet:-1, max-image-preview:large, max-video-preview:-1\" \/>\n<link rel=\"canonical\" href=\"https:\/\/toutinservice.com\/en\/service\" \/>\n<meta property=\"og:locale\" content=\"en_US\" \/>\n<meta property=\"og:type\" content=\"article\" \/>\n<meta property=\"og:title\" content=\"Service - Toutin Service\" \/>\n<meta property=\"og:description\" content=\"[vc_row][vc_column][vc_cta h2=&#8221;&#8221; h4=&#8221;Service&#8221; txt_align=&#8221;center&#8221;][\/vc_cta][\/vc_column][\/vc_row][vc_row][vc_column width=&#8221;1\/2&#8243;][vc_column_text] Machines reconditionn\u00e9es Notre personnel d\u00e9di\u00e9 et sp\u00e9cialis\u00e9 se tient \u00e0 votre disposition pour toute recherche ou \u00e9tude de reprise de vos machines en France ou \u00e0 l\u2019\u00e9tranger. Notre parc machine et nos partenaires internationaux nous permettent de trouver la machine que vous recherchez, vendue apr\u00e8s un reconditionnement total et une&hellip;\" \/>\n<meta property=\"og:url\" content=\"https:\/\/toutinservice.com\/en\/service\" \/>\n<meta property=\"og:site_name\" content=\"Toutin Service\" \/>\n<meta property=\"article:modified_time\" content=\"2020-05-14T15:34:35+00:00\" \/>\n<meta name=\"twitter:label1\" content=\"Est. reading time\" \/>\n\t<meta name=\"twitter:data1\" content=\"1 minute\" \/>\n<script type=\"application\/ld+json\" class=\"yoast-schema-graph\">{\"@context\":\"https:\/\/schema.org\",\"@graph\":[{\"@type\":\"WebPage\",\"@id\":\"https:\/\/toutinservice.com\/en\/service\",\"url\":\"https:\/\/toutinservice.com\/en\/service\",\"name\":\"Service - Toutin Service\",\"isPartOf\":{\"@id\":\"https:\/\/toutinservice.com\/en\/#website\"},\"datePublished\":\"2017-06-29T08:22:03+00:00\",\"dateModified\":\"2020-05-14T15:34:35+00:00\",\"inLanguage\":\"en-US\",\"potentialAction\":[{\"@type\":\"ReadAction\",\"target\":[\"https:\/\/toutinservice.com\/en\/service\"]}]},{\"@type\":\"WebSite\",\"@id\":\"https:\/\/toutinservice.com\/en\/#website\",\"url\":\"https:\/\/toutinservice.com\/en\/\",\"name\":\"Toutin Service\",\"description\":\"Printer Slotter Presse de d\u00e9coupe automatique Diecutter Automatique\",\"publisher\":{\"@id\":\"https:\/\/toutinservice.com\/en\/#organization\"},\"potentialAction\":[{\"@type\":\"SearchAction\",\"target\":{\"@type\":\"EntryPoint\",\"urlTemplate\":\"https:\/\/toutinservice.com\/en\/?s={search_term_string}\"},\"query-input\":{\"@type\":\"PropertyValueSpecification\",\"valueRequired\":true,\"valueName\":\"search_term_string\"}}],\"inLanguage\":\"en-US\"},{\"@type\":\"Organization\",\"@id\":\"https:\/\/toutinservice.com\/en\/#organization\",\"name\":\"Toutin Service\",\"url\":\"https:\/\/toutinservice.com\/en\/\",\"logo\":{\"@type\":\"ImageObject\",\"inLanguage\":\"en-US\",\"@id\":\"https:\/\/toutinservice.com\/en\/#\/schema\/logo\/image\/\",\"url\":\"https:\/\/toutinservice.com\/assets\/uploads\/logo_toutin_service-1.png\",\"contentUrl\":\"https:\/\/toutinservice.com\/assets\/uploads\/logo_toutin_service-1.png\",\"width\":165,\"height\":100,\"caption\":\"Toutin Service\"},\"image\":{\"@id\":\"https:\/\/toutinservice.com\/en\/#\/schema\/logo\/image\/\"}}]}<\/script>\n<!-- \/ Yoast SEO plugin. -->","yoast_head_json":{"title":"Service - Toutin Service","robots":{"index":"index","follow":"follow","max-snippet":"max-snippet:-1","max-image-preview":"max-image-preview:large","max-video-preview":"max-video-preview:-1"},"canonical":"https:\/\/toutinservice.com\/en\/service","og_locale":"en_US","og_type":"article","og_title":"Service - Toutin Service","og_description":"[vc_row][vc_column][vc_cta h2=&#8221;&#8221; h4=&#8221;Service&#8221; txt_align=&#8221;center&#8221;][\/vc_cta][\/vc_column][\/vc_row][vc_row][vc_column width=&#8221;1\/2&#8243;][vc_column_text] Machines reconditionn\u00e9es Notre personnel d\u00e9di\u00e9 et sp\u00e9cialis\u00e9 se tient \u00e0 votre disposition pour toute recherche ou \u00e9tude de reprise de vos machines en France ou \u00e0 l\u2019\u00e9tranger. Notre parc machine et nos partenaires internationaux nous permettent de trouver la machine que vous recherchez, vendue apr\u00e8s un reconditionnement total et une&hellip;","og_url":"https:\/\/toutinservice.com\/en\/service","og_site_name":"Toutin Service","article_modified_time":"2020-05-14T15:34:35+00:00","twitter_misc":{"Est. reading time":"1 minute"},"schema":{"@context":"https:\/\/schema.org","@graph":[{"@type":"WebPage","@id":"https:\/\/toutinservice.com\/en\/service","url":"https:\/\/toutinservice.com\/en\/service","name":"Service - Toutin Service","isPartOf":{"@id":"https:\/\/toutinservice.com\/en\/#website"},"datePublished":"2017-06-29T08:22:03+00:00","dateModified":"2020-05-14T15:34:35+00:00","inLanguage":"en-US","potentialAction":[{"@type":"ReadAction","target":["https:\/\/toutinservice.com\/en\/service"]}]},{"@type":"WebSite","@id":"https:\/\/toutinservice.com\/en\/#website","url":"https:\/\/toutinservice.com\/en\/","name":"Toutin Service","description":"Printer Slotter Presse de d\u00e9coupe automatique Diecutter Automatique","publisher":{"@id":"https:\/\/toutinservice.com\/en\/#organization"},"potentialAction":[{"@type":"SearchAction","target":{"@type":"EntryPoint","urlTemplate":"https:\/\/toutinservice.com\/en\/?s={search_term_string}"},"query-input":{"@type":"PropertyValueSpecification","valueRequired":true,"valueName":"search_term_string"}}],"inLanguage":"en-US"},{"@type":"Organization","@id":"https:\/\/toutinservice.com\/en\/#organization","name":"Toutin Service","url":"https:\/\/toutinservice.com\/en\/","logo":{"@type":"ImageObject","inLanguage":"en-US","@id":"https:\/\/toutinservice.com\/en\/#\/schema\/logo\/image\/","url":"https:\/\/toutinservice.com\/assets\/uploads\/logo_toutin_service-1.png","contentUrl":"https:\/\/toutinservice.com\/assets\/uploads\/logo_toutin_service-1.png","width":165,"height":100,"caption":"Toutin Service"},"image":{"@id":"https:\/\/toutinservice.com\/en\/#\/schema\/logo\/image\/"}}]}},"_links":{"self":[{"href":"https:\/\/toutinservice.com\/en\/wp-json\/wp\/v2\/pages\/13356","targetHints":{"allow":["GET"]}}],"collection":[{"href":"https:\/\/toutinservice.com\/en\/wp-json\/wp\/v2\/pages"}],"about":[{"href":"https:\/\/toutinservice.com\/en\/wp-json\/wp\/v2\/types\/page"}],"author":[{"embeddable":true,"href":"https:\/\/toutinservice.com\/en\/wp-json\/wp\/v2\/users\/5"}],"replies":[{"embeddable":true,"href":"https:\/\/toutinservice.com\/en\/wp-json\/wp\/v2\/comments?post=13356"}],"version-history":[{"count":0,"href":"https:\/\/toutinservice.com\/en\/wp-json\/wp\/v2\/pages\/13356\/revisions"}],"wp:attachment":[{"href":"https:\/\/toutinservice.com\/en\/wp-json\/wp\/v2\/media?parent=13356"}],"curies":[{"name":"wp","href":"https:\/\/api.w.org\/{rel}","templated":true}]}}